{"id":136,"date":"2023-06-06T15:53:12","date_gmt":"2023-06-06T15:53:12","guid":{"rendered":"https:\/\/musik-urlaub.org\/?page_id=136"},"modified":"2026-02-22T15:08:42","modified_gmt":"2026-02-22T15:08:42","slug":"sommerakademie-2023","status":"publish","type":"page","link":"https:\/\/musik-urlaub.org\/?page_id=136","title":{"rendered":"Das Kursangebot"},"content":{"rendered":"\t\t<div data-elementor-type=\"wp-page\" data-elementor-id=\"136\" class=\"elementor elementor-136\">\n\t\t\t\t\t\t<section class=\"elementor-section elementor-top-section elementor-element elementor-element-9789ea7 elementor-section-boxed elementor-section-height-default elementor-section-height-default\" data-id=\"9789ea7\" data-element_type=\"section\" data-e-type=\"section\">\n\t\t\t\t\t\t<div class=\"elementor-container elementor-column-gap-default\">\n\t\t\t\t\t<div class=\"elementor-column elementor-col-100 elementor-top-column elementor-element elementor-element-d5c821b\" data-id=\"d5c821b\" data-element_type=\"column\" data-e-type=\"column\">\n\t\t\t<div class=\"elementor-widget-wrap elementor-element-populated\">\n\t\t\t\t\t\t<div class=\"elementor-element elementor-element-4e680f2 elementor-widget elementor-widget-spacer\" data-id=\"4e680f2\" data-element_type=\"widget\" data-e-type=\"widget\" data-widget_type=\"spacer.default\">\n\t\t\t\t<div class=\"elementor-widget-container\">\n\t\t\t\t\t\t\t<div class=\"elementor-spacer\">\n\t\t\t<div class=\"elementor-spacer-inner\"><\/div>\n\t\t<\/div>\n\t\t\t\t\t\t<\/div>\n\t\t\t\t<\/div>\n\t\t\t\t\t<\/div>\n\t\t<\/div>\n\t\t\t\t\t<\/div>\n\t\t<\/section>\n\t\t\t\t<section class=\"elementor-section elementor-top-section elementor-element elementor-element-2061c6b elementor-section-boxed elementor-section-height-default elementor-section-height-default\" data-id=\"2061c6b\" data-element_type=\"section\" data-e-type=\"section\">\n\t\t\t\t\t\t<div class=\"elementor-container elementor-column-gap-default\">\n\t\t\t\t\t<div class=\"elementor-column elementor-col-50 elementor-top-column elementor-element elementor-element-1962c84\" data-id=\"1962c84\" data-element_type=\"column\" data-e-type=\"column\">\n\t\t\t<div class=\"elementor-widget-wrap elementor-element-populated\">\n\t\t\t\t\t\t<div class=\"elementor-element elementor-element-3da47b5 elementor-widget elementor-widget-heading\" data-id=\"3da47b5\" data-element_type=\"widget\" data-e-type=\"widget\" data-widget_type=\"heading.default\">\n\t\t\t\t<div class=\"elementor-widget-container\">\n\t\t\t\t\t<h2 class=\"elementor-heading-title elementor-size-default\">Das Kursangebot:<br><\/h2>\t\t\t\t<\/div>\n\t\t\t\t<\/div>\n\t\t\t\t<div class=\"elementor-element elementor-element-3d2f1fd elementor-widget__width-initial elementor-widget elementor-widget-text-editor\" data-id=\"3d2f1fd\" data-element_type=\"widget\" data-e-type=\"widget\" data-widget_type=\"text-editor.default\">\n\t\t\t\t<div class=\"elementor-widget-container\">\n\t\t\t\t\t\t\t\t\t<p>Orchester und Kammermusik f\u00fcr Streicher<br \/>Einzelunterricht<br \/>Klavier, Blattspiel, Vierh\u00e4ndigspiel, Kammermusik mit Streichern<\/p><p>Optional in der gleichen Woche:\u00a0 <br \/>Kurse fu\u0308r Mitreisende, Eltern, Geschwister:<br \/>\u00a0\u00a0\u00a0\u00a0\u00a0\u00a0\u00a0\u00a0 \u201eItalienisch\u201c mit Claudia Torresan <br \/>\u00a0\u00a0\u00a0\u00a0\u00a0\u00a0\u00a0\u00a0 \u201eToskanische Ku\u0308che\u201c mit Rebecca Vischer, <br \/>\u00a0\u00a0\u00a0\u00a0\u00a0\u00a0\u00a0\u00a0 Preise und Infos auf Anfrage<\/p>\t\t\t\t\t\t\t\t<\/div>\n\t\t\t\t<\/div>\n\t\t\t\t<div class=\"elementor-element elementor-element-dddd5c8 elementor-widget elementor-widget-video\" data-id=\"dddd5c8\" data-element_type=\"widget\" data-e-type=\"widget\" data-settings=\"{&quot;video_type&quot;:&quot;hosted&quot;,&quot;controls&quot;:&quot;yes&quot;}\" data-widget_type=\"video.default\">\n\t\t\t\t<div class=\"elementor-widget-container\">\n\t\t\t\t\t\t\t<div class=\"e-hosted-video elementor-wrapper elementor-open-inline\">\n\t\t\t\t\t<video class=\"elementor-video\" src=\"https:\/\/musik-urlaub.org\/wp-content\/uploads\/2023\/06\/Orchester-Sommerakademie-West-Side-Story-Bernstein.mp4\" controls=\"\" preload=\"metadata\" controlsList=\"nodownload\"><\/video>\n\t\t\t\t<\/div>\n\t\t\t\t\t\t<\/div>\n\t\t\t\t<\/div>\n\t\t\t\t<div class=\"elementor-element elementor-element-c1079c0 elementor-widget elementor-widget-video\" data-id=\"c1079c0\" data-element_type=\"widget\" data-e-type=\"widget\" data-settings=\"{&quot;video_type&quot;:&quot;hosted&quot;,&quot;controls&quot;:&quot;yes&quot;}\" data-widget_type=\"video.default\">\n\t\t\t\t<div class=\"elementor-widget-container\">\n\t\t\t\t\t\t\t<div class=\"e-hosted-video elementor-wrapper elementor-open-inline\">\n\t\t\t\t\t<video class=\"elementor-video\" src=\"https:\/\/musik-urlaub.org\/wp-content\/uploads\/2023\/06\/Leander-begleitet.mp4\" controls=\"\" preload=\"metadata\" controlsList=\"nodownload\"><\/video>\n\t\t\t\t<\/div>\n\t\t\t\t\t\t<\/div>\n\t\t\t\t<\/div>\n\t\t\t\t\t<\/div>\n\t\t<\/div>\n\t\t\t\t<div class=\"elementor-column elementor-col-50 elementor-top-column elementor-element elementor-element-7171102\" data-id=\"7171102\" data-element_type=\"column\" data-e-type=\"column\">\n\t\t\t<div class=\"elementor-widget-wrap elementor-element-populated\">\n\t\t\t\t\t\t<div class=\"elementor-element elementor-element-5791099 elementor-widget elementor-widget-heading\" data-id=\"5791099\" data-element_type=\"widget\" data-e-type=\"widget\" data-widget_type=\"heading.default\">\n\t\t\t\t<div class=\"elementor-widget-container\">\n\t\t\t\t\t<h2 class=\"elementor-heading-title elementor-size-default\">Wer unterrichtet?<br><\/h2>\t\t\t\t<\/div>\n\t\t\t\t<\/div>\n\t\t\t\t<div class=\"elementor-element elementor-element-d889be0 elementor-widget elementor-widget-text-editor\" data-id=\"d889be0\" data-element_type=\"widget\" data-e-type=\"widget\" data-widget_type=\"text-editor.default\">\n\t\t\t\t<div class=\"elementor-widget-container\">\n\t\t\t\t\t\t\t\t\t<p>Wir, die Dozentinnen und Dozenten der 16. Musikakademie in Querceto sind erfahrene Musikp\u00e4dagoginnen, Orchester- und Kammermusikerinnen.<span class=\"Apple-converted-space\">\u00a0 <\/span>Im Zentrum steht die Freude am gemeinsamen Musizieren, die Erweiterung der technischen und musikalischen F\u00e4higkeiten und die Entwicklung neuer Ideen und Impulse f\u00fcr jeden Einzelnen.<\/p><p>Besonderen Wert legen wir auf das Zusammenspiel. Dabei geht es immer um Themen wie: Wie finde ich meinen eigenen Klang? Welche Techniken und Bewegungen unterst\u00fctzen mich dabei und bringen mich beim \u00dcben ohne Umweg ans Ziel? Wie bereite ich mich in Geh\u00f6rbildung und Theorie auf das Abitur vor? Wie lerne ich Vorspielen und genie\u00dfe es selbst am meisten?<span class=\"Apple-converted-space\">\u00a0<\/span><\/p><p>Beim Klavier auf Wunsch auch: Wie lerne ich Improvisieren, Blattspielen, Begleiten und Zusammenspiel mit anderen Instrumenten?<span class=\"Apple-converted-space\">\u00a0<\/span><\/p><p>Viele ehemalige Teilnehmer berichten begeistert \u00fcber musikalische Entwicklungen, einen \u201eneuen Ton\u201c, einen \u201eeigenen Klang\u201c, der bleibt und nachwirkt.<\/p>\t\t\t\t\t\t\t\t<\/div>\n\t\t\t\t<\/div>\n\t\t\t\t\t<\/div>\n\t\t<\/div>\n\t\t\t\t\t<\/div>\n\t\t<\/section>\n\t\t\t\t<\/div>\n\t\t","protected":false},"excerpt":{"rendered":"<p>Das Kursangebot: Orchester und Kammermusik f\u00fcr StreicherEinzelunterrichtKlavier, Blattspiel, Vierh\u00e4ndigspiel, Kammermusik mit Streichern Optional in der gleichen Woche:\u00a0 Kurse fu\u0308r Mitreisende, Eltern, Geschwister:\u00a0\u00a0\u00a0\u00a0\u00a0\u00a0\u00a0\u00a0 \u201eItalienisch\u201c mit Claudia Torresan \u00a0\u00a0\u00a0\u00a0\u00a0\u00a0\u00a0\u00a0 \u201eToskanische Ku\u0308che\u201c mit Rebecca Vischer, \u00a0\u00a0\u00a0\u00a0\u00a0\u00a0\u00a0\u00a0 Preise und Infos auf Anfrage https:\/\/musik-urlaub.org\/wp-content\/uploads\/2023\/06\/Orchester-Sommerakademie-West-Side-Story-Bernstein.mp4https:\/\/musik-urlaub.org\/wp-content\/uploads\/2023\/06\/Leander-begleitet.mp4 Wer unterrichtet? Wir, die Dozentinnen und Dozenten der 16. Musikakademie in Querceto sind erfahrene Musikp\u00e4dagoginnen, Orchester- [&hellip;]<\/p>\n","protected":false},"author":1,"featured_media":0,"parent":0,"menu_order":0,"comment_status":"closed","ping_status":"closed","template":"","meta":{"ocean_post_layout":"","ocean_both_sidebars_style":"","ocean_both_sidebars_content_width":0,"ocean_both_sidebars_sidebars_width":0,"ocean_sidebar":"0","ocean_second_sidebar":"0","ocean_disable_margins":"enable","ocean_add_body_class":"","ocean_shortcode_before_top_bar":"","ocean_shortcode_after_top_bar":"","ocean_shortcode_before_header":"","ocean_shortcode_after_header":"","ocean_has_shortcode":"","ocean_shortcode_after_title":"","ocean_shortcode_before_footer_widgets":"","ocean_shortcode_after_footer_widgets":"","ocean_shortcode_before_footer_bottom":"","ocean_shortcode_after_footer_bottom":"","ocean_display_top_bar":"default","ocean_display_header":"default","ocean_header_style":"","ocean_center_header_left_menu":"0","ocean_custom_header_template":"0","ocean_custom_logo":0,"ocean_custom_retina_logo":0,"ocean_custom_logo_max_width":0,"ocean_custom_logo_tablet_max_width":0,"ocean_custom_logo_mobile_max_width":0,"ocean_custom_logo_max_height":0,"ocean_custom_logo_tablet_max_height":0,"ocean_custom_logo_mobile_max_height":0,"ocean_header_custom_menu":"0","ocean_menu_typo_font_family":"0","ocean_menu_typo_font_subset":"","ocean_menu_typo_font_size":0,"ocean_menu_typo_font_size_tablet":0,"ocean_menu_typo_font_size_mobile":0,"ocean_menu_typo_font_size_unit":"px","ocean_menu_typo_font_weight":"","ocean_menu_typo_font_weight_tablet":"","ocean_menu_typo_font_weight_mobile":"","ocean_menu_typo_transform":"","ocean_menu_typo_transform_tablet":"","ocean_menu_typo_transform_mobile":"","ocean_menu_typo_line_height":0,"ocean_menu_typo_line_height_tablet":0,"ocean_menu_typo_line_height_mobile":0,"ocean_menu_typo_line_height_unit":"","ocean_menu_typo_spacing":0,"ocean_menu_typo_spacing_tablet":0,"ocean_menu_typo_spacing_mobile":0,"ocean_menu_typo_spacing_unit":"","ocean_menu_link_color":"","ocean_menu_link_color_hover":"","ocean_menu_link_color_active":"","ocean_menu_link_background":"","ocean_menu_link_hover_background":"","ocean_menu_link_active_background":"","ocean_menu_social_links_bg":"","ocean_menu_social_hover_links_bg":"","ocean_menu_social_links_color":"","ocean_menu_social_hover_links_color":"","ocean_disable_title":"default","ocean_disable_heading":"default","ocean_post_title":"","ocean_post_subheading":"","ocean_post_title_style":"","ocean_post_title_background_color":"","ocean_post_title_background":0,"ocean_post_title_bg_image_position":"","ocean_post_title_bg_image_attachment":"","ocean_post_title_bg_image_repeat":"","ocean_post_title_bg_image_size":"","ocean_post_title_height":0,"ocean_post_title_bg_overlay":0.5,"ocean_post_title_bg_overlay_color":"","ocean_disable_breadcrumbs":"default","ocean_breadcrumbs_color":"","ocean_breadcrumbs_separator_color":"","ocean_breadcrumbs_links_color":"","ocean_breadcrumbs_links_hover_color":"","ocean_display_footer_widgets":"default","ocean_display_footer_bottom":"default","ocean_custom_footer_template":"0","footnotes":""},"class_list":["post-136","page","type-page","status-publish","hentry","entry"],"_links":{"self":[{"href":"https:\/\/musik-urlaub.org\/index.php?rest_route=\/wp\/v2\/pages\/136","targetHints":{"allow":["GET"]}}],"collection":[{"href":"https:\/\/musik-urlaub.org\/index.php?rest_route=\/wp\/v2\/pages"}],"about":[{"href":"https:\/\/musik-urlaub.org\/index.php?rest_route=\/wp\/v2\/types\/page"}],"author":[{"embeddable":true,"href":"https:\/\/musik-urlaub.org\/index.php?rest_route=\/wp\/v2\/users\/1"}],"replies":[{"embeddable":true,"href":"https:\/\/musik-urlaub.org\/index.php?rest_route=%2Fwp%2Fv2%2Fcomments&post=136"}],"version-history":[{"count":68,"href":"https:\/\/musik-urlaub.org\/index.php?rest_route=\/wp\/v2\/pages\/136\/revisions"}],"predecessor-version":[{"id":1480,"href":"https:\/\/musik-urlaub.org\/index.php?rest_route=\/wp\/v2\/pages\/136\/revisions\/1480"}],"wp:attachment":[{"href":"https:\/\/musik-urlaub.org\/index.php?rest_route=%2Fwp%2Fv2%2Fmedia&parent=136"}],"curies":[{"name":"wp","href":"https:\/\/api.w.org\/{rel}","templated":true}]}}